{"id":127,"date":"2023-02-15T11:56:36","date_gmt":"2023-02-15T09:56:36","guid":{"rendered":"https:\/\/papli.uptodate.ee\/huoneistot\/papli-28-6\/"},"modified":"2023-02-20T14:48:58","modified_gmt":"2023-02-20T12:48:58","slug":"papli-28-6","status":"publish","type":"page","link":"https:\/\/papli.ee\/fi\/huoneistot\/papli-28-6\/","title":{"rendered":"Papli 28-6"},"content":{"rendered":"\n<h1 class=\"wp-block-heading\" id=\"E825\">ASUNTO 28-6<\/h1>\n\n\n\n<p id=\"E827\"><strong>Valoisa kaksio sijaitsee P\u00e4rnun arvostetuimmalla alueella &#8211; ranta-alueella.<\/strong><\/p>\n\n\n\n<p id=\"E829\">T\u00e4\u00e4ll\u00e4 kaupungin halutuimmalla alueella tarjoamme ylellisen mahdollisuuden rentoutua ja nauttia merin\u00e4kymist\u00e4! Kaikki on ajateltu, niin laatu kuin yksityiskohdatkin.<\/p>\n\n\n\n<p id=\"E831\">Vaaleanv\u00e4rinen huoneisto osoitteessa Papli 28-6 on tilava yhden makuuhuoneen huoneisto.<\/p>\n\n\n\n<p id=\"E833\">Se sijaitsee toisessa kerroksessa ja sek\u00e4 makuuhuone ett\u00e4 olohuone avautuvat tilavalle parvekkeelle.<\/p>\n\n\n\n<p id=\"E835\">Mukava kulmaparveke, joka olohuoneen jatkeena laajentaa tilaa ja kutsuu nauttimaan meri-ilmasta.<\/p>\n\n\n\n<p id=\"E837\">Asuintilat ovat riitt\u00e4v\u00e4n kokoisia, jotta voit suunnitella mukavan loman perheen tai yst\u00e4vien kanssa.<\/p>\n\n\n\n<p id=\"E839\">Huoneistossa on k\u00e4yt\u00e4nn\u00f6llinen tilaratkaisu, hiljainen, kodikas ja viihtyis\u00e4.<\/p>\n\n\n\n<p id=\"E841\">Lis\u00e4ksi asunnossa on ilmal\u00e4mp\u00f6pumppu, joka l\u00e4mmitt\u00e4\u00e4 mukavasti kylm\u00e4ll\u00e4 talvella ja auttaa yll\u00e4pit\u00e4m\u00e4\u00e4n miellytt\u00e4v\u00e4\u00e4 viileytt\u00e4 kuumana kes\u00e4n\u00e4.<\/p>\n\n\n\n<p id=\"E843\">Huoneissa: eteinen, tilava olohuone avokeitti\u00f6ll\u00e4, makuuhuone, pesuhuone, sauna ja aurinkoinen parveke.<\/p>\n\n\n\n<p id=\"E845\">Eteisess\u00e4 on tilava vaatekaappi, johon mahtuu kaikki el\u00e4m\u00e4\u00e4n tarvittava.<\/p>\n\n\n\n<p id=\"E847\">Avokeitti\u00f6 tarvittavilla keitti\u00f6v\u00e4lineill\u00e4, valoisa olohuone ja iso makuuhuone, johon aurinko paistaa koko p\u00e4iv\u00e4n.<\/p>\n\n\n\n<p id=\"E849\">Makuuhuoneessa, joka on mukavasti erill\u00e4\u00e4n, voit rentoutua pitk\u00e4n p\u00e4iv\u00e4n j\u00e4lkeen ja nukahtaa rauhassa.<\/p>\n\n\n\n<p id=\"E851\">Jos sinulla on pieni lapsi, voimme j\u00e4rjest\u00e4\u00e4 sinulle s\u00e4leiden s\u00e4ngyn.<\/p>\n\n\n\n<p id=\"E853\">Suihkuhuoneessa on my\u00f6s suomalainen sauna Harvian s\u00e4hk\u00f6kiukaalla, joten voit halutessasi k\u00e4ytt\u00e4\u00e4 runsaasti h\u00f6yry\u00e4.<\/p>\n\n\n\n<p id=\"E855\">Parvekkeella voit nauttia P\u00e4rnunlahden meren \u00e4\u00e4nist\u00e4 tai viett\u00e4\u00e4 aikaa rakkaasi kanssa.<\/p>\n\n\n\n<p id=\"E857\">Pys\u00e4k\u00f6inti on ilmaista yhdelle autolle talon edess\u00e4, paikka on merkitty numerolla 6.<\/p>\n\n\n\n<p id=\"E859\">T\u00e4m\u00e4n asunnon avainsanoja ovat valo, tilavuus, symmetria, tarkkuus ja vaativuus pieniss\u00e4 yksityiskohdissa. \u00c4\u00e4rimm\u00e4isen l\u00e4mmin, ihastuttava ja moderni turvapaikka on luotu juuri sinua varten, jotta voit tulla lep\u00e4\u00e4m\u00e4\u00e4n.<\/p>\n\n\n\n<p id=\"E861\">Valitsemalla VARAA p\u00e4iv\u00e4m\u00e4\u00e4r\u00e4t alla olevasta linkist\u00e4 n\u00e4et heti mitk\u00e4 p\u00e4iv\u00e4t ovat vapaita (vihre\u00e4) ja mitk\u00e4 suljettuja (punainen).<\/p>\n\n\n\n<p id=\"E863\">Valitse haluamasi vapaap\u00e4iv\u00e4t, lis\u00e4\u00e4 lis\u00e4tietoja: pyyd\u00e4 pinnas\u00e4nky jne. ja paina L\u00c4HET\u00c4-n\u00e4pp\u00e4int\u00e4.<\/p>\n\n\n\n<p id=\"E865\">Sinuun ollaan yhteydess\u00e4 ja ehdoista sovittuasi varataan sinulle aika ja l\u00e4hetet\u00e4\u00e4n vastaava vahvistus.<\/p>\n\n\n\n<p id=\"E869\"><strong>N\u00e4hd\u00e4\u00e4n P\u00e4rnussa!<\/strong><\/p>\n\n\n\n<div id=\"block_02bfb6fcb949007e761cada4ddef3396\" class=\"featured-gallery-wrap\">\n\n  <div class=\"featured-gallery\">\n                  <a href=\"\" class=\"featured-gallery-item\" data-src=\"https:\/\/papli.ee\/wp-content\/uploads\/Korter-28-6-1-1366x1024.jpg\">\n          <img decoding=\"async\" src=\"https:\/\/papli.ee\/wp-content\/uploads\/Korter-28-6-1-600x400.jpg\" alt=\"\">\n        <\/a>\n              <a href=\"\" class=\"featured-gallery-item\" data-src=\"https:\/\/papli.ee\/wp-content\/uploads\/Korter-28-6-2-1365x1024.jpg\">\n          <img decoding=\"async\" src=\"https:\/\/papli.ee\/wp-content\/uploads\/Korter-28-6-2-600x400.jpg\" alt=\"\">\n        <\/a>\n              <a href=\"\" class=\"featured-gallery-item\" data-src=\"https:\/\/papli.ee\/wp-content\/uploads\/Korter-28-6-3-1366x1024.jpg\">\n          <img decoding=\"async\" src=\"https:\/\/papli.ee\/wp-content\/uploads\/Korter-28-6-3-600x400.jpg\" alt=\"\">\n        <\/a>\n              <a href=\"\" class=\"featured-gallery-item\" data-src=\"https:\/\/papli.ee\/wp-content\/uploads\/Korter-28-6-4-768x1024.jpg\">\n          <img decoding=\"async\" src=\"https:\/\/papli.ee\/wp-content\/uploads\/Korter-28-6-4-600x400.jpg\" alt=\"\">\n        <\/a>\n              <a href=\"\" class=\"featured-gallery-item\" data-src=\"https:\/\/papli.ee\/wp-content\/uploads\/Korter-28-6-5-1366x1024.jpg\">\n          <img decoding=\"async\" src=\"https:\/\/papli.ee\/wp-content\/uploads\/Korter-28-6-5-600x400.jpg\" alt=\"\">\n        <\/a>\n              <a href=\"\" class=\"featured-gallery-item\" data-src=\"https:\/\/papli.ee\/wp-content\/uploads\/Korter-28-6-6-768x1024.jpg\">\n          <img decoding=\"async\" src=\"https:\/\/papli.ee\/wp-content\/uploads\/Korter-28-6-6-600x400.jpg\" alt=\"\">\n        <\/a>\n              <a href=\"\" class=\"featured-gallery-item\" data-src=\"https:\/\/papli.ee\/wp-content\/uploads\/Korter-28-6-7-768x1024.jpg\">\n          <img decoding=\"async\" src=\"https:\/\/papli.ee\/wp-content\/uploads\/Korter-28-6-7-600x400.jpg\" alt=\"\">\n        <\/a>\n              <a href=\"\" class=\"featured-gallery-item\" data-src=\"https:\/\/papli.ee\/wp-content\/uploads\/Korter-28-6-8-768x1024.jpg\">\n          <img decoding=\"async\" src=\"https:\/\/papli.ee\/wp-content\/uploads\/Korter-28-6-8-600x400.jpg\" alt=\"\">\n        <\/a>\n              <a href=\"\" class=\"featured-gallery-item\" data-src=\"https:\/\/papli.ee\/wp-content\/uploads\/Korter-28-6-9-768x1024.jpg\">\n          <img decoding=\"async\" src=\"https:\/\/papli.ee\/wp-content\/uploads\/Korter-28-6-9-600x400.jpg\" alt=\"\">\n        <\/a>\n              <a href=\"\" class=\"featured-gallery-item\" data-src=\"https:\/\/papli.ee\/wp-content\/uploads\/Korter-28-6-10-768x1024.jpg\">\n          <img decoding=\"async\" src=\"https:\/\/papli.ee\/wp-content\/uploads\/Korter-28-6-10-600x400.jpg\" alt=\"\">\n        <\/a>\n              <a href=\"\" class=\"featured-gallery-item\" data-src=\"https:\/\/papli.ee\/wp-content\/uploads\/Korter-28-6-11-768x1024.jpg\">\n          <img decoding=\"async\" src=\"https:\/\/papli.ee\/wp-content\/uploads\/Korter-28-6-11-600x400.jpg\" alt=\"\">\n        <\/a>\n              <a href=\"\" class=\"featured-gallery-item\" data-src=\"https:\/\/papli.ee\/wp-content\/uploads\/Korter-28-6-12-1366x1024.jpg\">\n          <img decoding=\"async\" src=\"https:\/\/papli.ee\/wp-content\/uploads\/Korter-28-6-12-600x400.jpg\" alt=\"\">\n        <\/a>\n              <a href=\"\" class=\"featured-gallery-item\" data-src=\"https:\/\/papli.ee\/wp-content\/uploads\/Korter-28-6-13-1366x1024.jpg\">\n          <img decoding=\"async\" src=\"https:\/\/papli.ee\/wp-content\/uploads\/Korter-28-6-13-600x400.jpg\" alt=\"\">\n        <\/a>\n              <a href=\"\" class=\"featured-gallery-item\" data-src=\"https:\/\/papli.ee\/wp-content\/uploads\/Papli-28-1-1-1366x1024.jpg\">\n          <img decoding=\"async\" src=\"https:\/\/papli.ee\/wp-content\/uploads\/Papli-28-1-1-600x400.jpg\" alt=\"\">\n        <\/a>\n              <a href=\"\" class=\"featured-gallery-item\" data-src=\"https:\/\/papli.ee\/wp-content\/uploads\/Papli-28-2-2-1365x1024.jpg\">\n          <img decoding=\"async\" src=\"https:\/\/papli.ee\/wp-content\/uploads\/Papli-28-2-2-600x400.jpg\" alt=\"\">\n        <\/a>\n              <a href=\"\" class=\"featured-gallery-item\" data-src=\"https:\/\/papli.ee\/wp-content\/uploads\/Papli-28-3-2-1365x1024.jpg\">\n          <img decoding=\"async\" src=\"https:\/\/papli.ee\/wp-content\/uploads\/Papli-28-3-2-600x400.jpg\" alt=\"\">\n        <\/a>\n              <a href=\"\" class=\"featured-gallery-item\" data-src=\"https:\/\/papli.ee\/wp-content\/uploads\/Papli-28-4-1-768x1024.jpg\">\n          <img decoding=\"async\" src=\"https:\/\/papli.ee\/wp-content\/uploads\/Papli-28-4-1-600x400.jpg\" alt=\"\">\n        <\/a>\n              <a href=\"\" class=\"featured-gallery-item\" data-src=\"https:\/\/papli.ee\/wp-content\/uploads\/Papli-28-5-1-1536x1024.jpg\">\n          <img decoding=\"async\" src=\"https:\/\/papli.ee\/wp-content\/uploads\/Papli-28-5-1-600x400.jpg\" alt=\"\">\n        <\/a>\n            <\/div>\n\n  <style>\n  .featured-gallery{\n    display: flex;\n    flex-wrap: wrap;\n    justify-content: space-between;\n    padding-bottom: 50px;\n  }\n  .featured-gallery-item{\n    width: calc(33% - 5px);\n  }\n  .featured-gallery-item img{\n    width: 100%;\n    height: auto;\n  }\n  .lg-backdrop {\n    background-color: rgba(55, 110, 177, 0.95) !important;\n  }\n  .lg-toolbar {\n    background-color: rgba(0, 0, 0, 0) !important;\n  }\n  .lg-toolbar .lg-icon {\n    color: #fff !important;\n  }\n  .lg-actions .lg-next, .lg-actions .lg-prev {\n    background-color: rgba(0, 0, 0, 0) !important;\n    color: #fff !important;\n    font-size: 26px !important;\n  }\n  .gallery-block-title {\n    font-weight: 300;\n    text-align: center;\n    font-size: 2em;\n    margin: 40px 0 30px;\n    padding: 0 45px;\n  }\n  @media (max-width: 800px){\n    .featured-gallery-item{\n      width: calc(50% - 2.5px);\n    }\n  @media (max-width: 300px){\n    .featured-gallery-item{\n      width: 100%;\n      margin: 10px 0;\n    }\n  }\n  <\/style>\n  <script>\n    jQuery(document).ready( function($){\n      $('.featured-gallery').lightGallery({\n        thumbnail:false,\n        counter:false,\n        subHtmlSelectorRelative: true,\n        download: false\n      });\n    });\n  <\/script>\n<\/div>\n","protected":false},"excerpt":{"rendered":"<p>ASUNTO 28-6 Valoisa kaksio sijaitsee P\u00e4rnun arvostetuimmalla alueella &#8211; ranta-alueella. T\u00e4\u00e4ll\u00e4 kaupungin halutuimmalla alueella tarjoamme ylellisen mahdollisuuden rentoutua ja nauttia merin\u00e4kymist\u00e4! Kaikki on ajateltu, niin laatu kuin yksityiskohdatkin. Vaaleanv\u00e4rinen huoneisto osoitteessa Papli 28-6 on tilava yhden makuuhuoneen huoneisto. Se sijaitsee toisessa kerroksessa ja sek\u00e4 makuuhuone ett\u00e4 olohuone avautuvat tilavalle parvekkeelle. Mukava kulmaparveke, joka olohuoneen jatkeena [&hellip;]<\/p>\n","protected":false},"author":1,"featured_media":0,"parent":108,"menu_order":0,"comment_status":"closed","ping_status":"closed","template":"","meta":{"footnotes":""},"class_list":["post-127","page","type-page","status-publish","hentry"],"acf":[],"_links":{"self":[{"href":"https:\/\/papli.ee\/fi\/wp-json\/wp\/v2\/pages\/127","targetHints":{"allow":["GET"]}}],"collection":[{"href":"https:\/\/papli.ee\/fi\/wp-json\/wp\/v2\/pages"}],"about":[{"href":"https:\/\/papli.ee\/fi\/wp-json\/wp\/v2\/types\/page"}],"author":[{"embeddable":true,"href":"https:\/\/papli.ee\/fi\/wp-json\/wp\/v2\/users\/1"}],"replies":[{"embeddable":true,"href":"https:\/\/papli.ee\/fi\/wp-json\/wp\/v2\/comments?post=127"}],"version-history":[{"count":2,"href":"https:\/\/papli.ee\/fi\/wp-json\/wp\/v2\/pages\/127\/revisions"}],"predecessor-version":[{"id":599,"href":"https:\/\/papli.ee\/fi\/wp-json\/wp\/v2\/pages\/127\/revisions\/599"}],"up":[{"embeddable":true,"href":"https:\/\/papli.ee\/fi\/wp-json\/wp\/v2\/pages\/108"}],"wp:attachment":[{"href":"https:\/\/papli.ee\/fi\/wp-json\/wp\/v2\/media?parent=127"}],"curies":[{"name":"wp","href":"https:\/\/api.w.org\/{rel}","templated":true}]}}