{"id":114,"date":"2023-02-15T11:52:07","date_gmt":"2023-02-15T09:52:07","guid":{"rendered":"https:\/\/papli.ee\/huoneistot\/papli-28-2\/"},"modified":"2023-02-20T14:37:27","modified_gmt":"2023-02-20T12:37:27","slug":"papli-28-2","status":"publish","type":"page","link":"https:\/\/papli.ee\/fi\/huoneistot\/papli-28-2\/","title":{"rendered":"Papli 28-2"},"content":{"rendered":"\n<h1 class=\"wp-block-heading\" id=\"E719\">ASUNTO 28-2<\/h1>\n\n\n\n<p id=\"E721\"><strong>Valoisa kolmen huoneen asunto sijaitsee P\u00e4rnun arvostetuimmalla alueella &#8211; ranta-alueella.<\/strong><\/p>\n\n\n\n<p id=\"E723\">T\u00e4\u00e4ll\u00e4 kaupungin halutuimmalla alueella tarjoamme ylellisen mahdollisuuden rentoutua ja nauttia merin\u00e4kymist\u00e4! Kaikki on ajateltu, niin laatu kuin yksityiskohdatkin.<\/p>\n\n\n\n<p id=\"E725\">Vaaleanv\u00e4rinen huoneisto osoitteessa Papli 28-2 on tilava kahden makuuhuoneen huoneisto.<\/p>\n\n\n\n<p id=\"E727\">Se sijaitsee ensimm\u00e4isess\u00e4 kerroksessa ja yksi makuuhuoneesta ja olohuoneesta avautuu tilavalle terassille.<\/p>\n\n\n\n<p id=\"E729\">Terassin edess\u00e4 on suuri nurmikko, jossa lapset voivat leikki\u00e4 turvallisesti.<\/p>\n\n\n\n<p id=\"E731\">Asuintilat ovat riitt\u00e4v\u00e4n kokoisia, jotta voit suunnitella mukavan loman perheen tai yst\u00e4vien kanssa.<\/p>\n\n\n\n<p id=\"E733\">Huoneistossa on k\u00e4yt\u00e4nn\u00f6llinen tilaratkaisu, hiljainen, kodikas ja viihtyis\u00e4.<\/p>\n\n\n\n<p id=\"E735\">Lis\u00e4ksi asunnossa on ilmal\u00e4mp\u00f6pumppu, joka l\u00e4mmitt\u00e4\u00e4 mukavasti kylm\u00e4ll\u00e4 talvella ja auttaa yll\u00e4pit\u00e4m\u00e4\u00e4n miellytt\u00e4v\u00e4\u00e4 viileytt\u00e4 kuumana kes\u00e4n\u00e4.<\/p>\n\n\n\n<p id=\"E737\">Huoneissa: eteinen, tilava olohuone avokeitti\u00f6ll\u00e4, 2 makuuhuonetta, pesuhuone, sauna ja aurinkoterassi.<\/p>\n\n\n\n<p id=\"E739\">Eteisess\u00e4 on tilava vaatekaappi, johon mahtuu kaikki el\u00e4m\u00e4\u00e4n tarvittava.<\/p>\n\n\n\n<p id=\"E741\">Avokeitti\u00f6 tarvittavilla keitti\u00f6v\u00e4lineill\u00e4, valoisa olohuone ja iso makuuhuone, johon aurinko paistaa koko p\u00e4iv\u00e4n.<\/p>\n\n\n\n<p id=\"E743\">Makuuhuoneissa, jotka ovat mukavasti erill\u00e4\u00e4n, voit rentoutua pitk\u00e4n p\u00e4iv\u00e4n j\u00e4lkeen ja nukahtaa rauhassa.<\/p>\n\n\n\n<p id=\"E745\">Jos sinulla on pieni lapsi, voimme j\u00e4rjest\u00e4\u00e4 sinulle s\u00e4leiden s\u00e4ngyn.<\/p>\n\n\n\n<p id=\"E747\">Suihkuhuoneessa on my\u00f6s suomalainen sauna Harvian s\u00e4hk\u00f6kiukaalla, joten voit halutessasi k\u00e4ytt\u00e4\u00e4 runsaasti h\u00f6yry\u00e4.<\/p>\n\n\n\n<p id=\"E749\">Terassilla voit nauttia P\u00e4rnunlahden meren \u00e4\u00e4nist\u00e4 tai grillata maukkaan illallisen perheelle.<\/p>\n\n\n\n<p id=\"E751\">Pys\u00e4k\u00f6inti on ilmaista yhdelle autolle talon edess\u00e4, paikka on merkitty numerolla 2.<\/p>\n\n\n\n<p id=\"E753\">T\u00e4m\u00e4n asunnon avainsanoja ovat valo, tilavuus, symmetria, tarkkuus ja vaativuus pieniss\u00e4 yksityiskohdissa. \u00c4\u00e4rimm\u00e4isen l\u00e4mmin, ihastuttava ja moderni turvapaikka on luotu juuri sinua varten, jotta voit tulla lep\u00e4\u00e4m\u00e4\u00e4n.<\/p>\n\n\n\n<p id=\"E755\">Valitsemalla VARAA p\u00e4iv\u00e4m\u00e4\u00e4r\u00e4t alla olevasta linkist\u00e4 n\u00e4et heti mitk\u00e4 p\u00e4iv\u00e4t ovat vapaita (vihre\u00e4) ja mitk\u00e4 suljettuja (punainen).<\/p>\n\n\n\n<p id=\"E757\">Valitse haluamasi vapaap\u00e4iv\u00e4t, lis\u00e4\u00e4 lis\u00e4tietoja: pyyd\u00e4 pinnas\u00e4nky jne. ja paina L\u00c4HET\u00c4-n\u00e4pp\u00e4int\u00e4.<\/p>\n\n\n\n<p id=\"E759\">Sinuun ollaan yhteydess\u00e4 ja ehdoista sovittuasi varataan sinulle aika ja l\u00e4hetet\u00e4\u00e4n vastaava vahvistus.<\/p>\n\n\n\n<p id=\"E763\"><strong>N\u00e4hd\u00e4\u00e4n P\u00e4rnussa!<\/strong><\/p>\n\n\n\n<div id=\"block_c20fd87e554e9a606901c658c7a9bcb4\" class=\"featured-gallery-wrap\">\n\n  <div class=\"featured-gallery\">\n                  <a href=\"\" class=\"featured-gallery-item\" data-src=\"https:\/\/papli.ee\/wp-content\/uploads\/IMG_8491-1536x1024.jpg\">\n          <img decoding=\"async\" src=\"https:\/\/papli.ee\/wp-content\/uploads\/IMG_8491-600x400.jpg\" alt=\"\">\n        <\/a>\n              <a href=\"\" class=\"featured-gallery-item\" data-src=\"https:\/\/papli.ee\/wp-content\/uploads\/IMG_8910-1536x1024.jpg\">\n          <img decoding=\"async\" src=\"https:\/\/papli.ee\/wp-content\/uploads\/IMG_8910-600x400.jpg\" alt=\"\">\n        <\/a>\n              <a href=\"\" class=\"featured-gallery-item\" data-src=\"https:\/\/papli.ee\/wp-content\/uploads\/IMG_8550-1536x1024.jpg\">\n          <img decoding=\"async\" src=\"https:\/\/papli.ee\/wp-content\/uploads\/IMG_8550-600x400.jpg\" alt=\"\">\n        <\/a>\n              <a href=\"\" class=\"featured-gallery-item\" data-src=\"https:\/\/papli.ee\/wp-content\/uploads\/IMG_8525-1536x1024.jpg\">\n          <img decoding=\"async\" src=\"https:\/\/papli.ee\/wp-content\/uploads\/IMG_8525-600x400.jpg\" alt=\"\">\n        <\/a>\n              <a href=\"\" class=\"featured-gallery-item\" data-src=\"https:\/\/papli.ee\/wp-content\/uploads\/IMG_8926-1536x1024.jpg\">\n          <img decoding=\"async\" src=\"https:\/\/papli.ee\/wp-content\/uploads\/IMG_8926-600x400.jpg\" alt=\"\">\n        <\/a>\n              <a href=\"\" class=\"featured-gallery-item\" data-src=\"https:\/\/papli.ee\/wp-content\/uploads\/IMG_8553-1536x1024.jpg\">\n          <img decoding=\"async\" src=\"https:\/\/papli.ee\/wp-content\/uploads\/IMG_8553-600x400.jpg\" alt=\"\">\n        <\/a>\n              <a href=\"\" class=\"featured-gallery-item\" data-src=\"https:\/\/papli.ee\/wp-content\/uploads\/IMG_8560-1536x1024.jpg\">\n          <img decoding=\"async\" src=\"https:\/\/papli.ee\/wp-content\/uploads\/IMG_8560-600x400.jpg\" alt=\"\">\n        <\/a>\n              <a href=\"\" class=\"featured-gallery-item\" data-src=\"https:\/\/papli.ee\/wp-content\/uploads\/IMG_8940-1536x1024.jpg\">\n          <img decoding=\"async\" src=\"https:\/\/papli.ee\/wp-content\/uploads\/IMG_8940-600x400.jpg\" alt=\"\">\n        <\/a>\n              <a href=\"\" class=\"featured-gallery-item\" data-src=\"https:\/\/papli.ee\/wp-content\/uploads\/IMG_8913-1536x1024.jpg\">\n          <img decoding=\"async\" src=\"https:\/\/papli.ee\/wp-content\/uploads\/IMG_8913-600x400.jpg\" alt=\"\">\n        <\/a>\n              <a href=\"\" class=\"featured-gallery-item\" data-src=\"https:\/\/papli.ee\/wp-content\/uploads\/IMG_8906-683x1024.jpg\">\n          <img decoding=\"async\" src=\"https:\/\/papli.ee\/wp-content\/uploads\/IMG_8906-600x400.jpg\" alt=\"\">\n        <\/a>\n              <a href=\"\" class=\"featured-gallery-item\" data-src=\"https:\/\/papli.ee\/wp-content\/uploads\/IMG_8534-683x1024.jpg\">\n          <img decoding=\"async\" src=\"https:\/\/papli.ee\/wp-content\/uploads\/IMG_8534-600x400.jpg\" alt=\"\">\n        <\/a>\n              <a href=\"\" class=\"featured-gallery-item\" data-src=\"https:\/\/papli.ee\/wp-content\/uploads\/IMG_8952-1536x1024.jpg\">\n          <img decoding=\"async\" src=\"https:\/\/papli.ee\/wp-content\/uploads\/IMG_8952-600x400.jpg\" alt=\"\">\n        <\/a>\n              <a href=\"\" class=\"featured-gallery-item\" data-src=\"https:\/\/papli.ee\/wp-content\/uploads\/IMG_8522-1536x1024.jpg\">\n          <img decoding=\"async\" src=\"https:\/\/papli.ee\/wp-content\/uploads\/IMG_8522-600x400.jpg\" alt=\"\">\n        <\/a>\n              <a href=\"\" class=\"featured-gallery-item\" data-src=\"https:\/\/papli.ee\/wp-content\/uploads\/IMG_8518-1536x1024.jpg\">\n          <img decoding=\"async\" src=\"https:\/\/papli.ee\/wp-content\/uploads\/IMG_8518-600x400.jpg\" alt=\"\">\n        <\/a>\n              <a href=\"\" class=\"featured-gallery-item\" data-src=\"https:\/\/papli.ee\/wp-content\/uploads\/IMG_8541-683x1024.jpg\">\n          <img decoding=\"async\" src=\"https:\/\/papli.ee\/wp-content\/uploads\/IMG_8541-600x400.jpg\" alt=\"\">\n        <\/a>\n              <a href=\"\" class=\"featured-gallery-item\" data-src=\"https:\/\/papli.ee\/wp-content\/uploads\/IMG_8597-683x1024.jpg\">\n          <img decoding=\"async\" src=\"https:\/\/papli.ee\/wp-content\/uploads\/IMG_8597-600x400.jpg\" alt=\"\">\n        <\/a>\n              <a href=\"\" class=\"featured-gallery-item\" data-src=\"https:\/\/papli.ee\/wp-content\/uploads\/IMG_8515-1536x1024.jpg\">\n          <img decoding=\"async\" src=\"https:\/\/papli.ee\/wp-content\/uploads\/IMG_8515-600x400.jpg\" alt=\"\">\n        <\/a>\n              <a href=\"\" class=\"featured-gallery-item\" data-src=\"https:\/\/papli.ee\/wp-content\/uploads\/IMG_8861-683x1024.jpg\">\n          <img decoding=\"async\" src=\"https:\/\/papli.ee\/wp-content\/uploads\/IMG_8861-600x400.jpg\" alt=\"\">\n        <\/a>\n              <a href=\"\" class=\"featured-gallery-item\" data-src=\"https:\/\/papli.ee\/wp-content\/uploads\/IMG_8591-1536x1024.jpg\">\n          <img decoding=\"async\" src=\"https:\/\/papli.ee\/wp-content\/uploads\/IMG_8591-600x400.jpg\" alt=\"\">\n        <\/a>\n              <a href=\"\" class=\"featured-gallery-item\" data-src=\"https:\/\/papli.ee\/wp-content\/uploads\/IMG_8590-1536x1024.jpg\">\n          <img decoding=\"async\" src=\"https:\/\/papli.ee\/wp-content\/uploads\/IMG_8590-600x400.jpg\" alt=\"\">\n        <\/a>\n              <a href=\"\" class=\"featured-gallery-item\" data-src=\"https:\/\/papli.ee\/wp-content\/uploads\/IMG_8533-683x1024.jpg\">\n          <img decoding=\"async\" src=\"https:\/\/papli.ee\/wp-content\/uploads\/IMG_8533-600x400.jpg\" alt=\"\">\n        <\/a>\n              <a href=\"\" class=\"featured-gallery-item\" data-src=\"https:\/\/papli.ee\/wp-content\/uploads\/IMG_8942-1536x1024.jpg\">\n          <img decoding=\"async\" src=\"https:\/\/papli.ee\/wp-content\/uploads\/IMG_8942-600x400.jpg\" alt=\"\">\n        <\/a>\n              <a href=\"\" class=\"featured-gallery-item\" data-src=\"https:\/\/papli.ee\/wp-content\/uploads\/IMG_8581-683x1024.jpg\">\n          <img decoding=\"async\" src=\"https:\/\/papli.ee\/wp-content\/uploads\/IMG_8581-600x400.jpg\" alt=\"\">\n        <\/a>\n              <a href=\"\" class=\"featured-gallery-item\" data-src=\"https:\/\/papli.ee\/wp-content\/uploads\/IMG_8564-1536x1024.jpg\">\n          <img decoding=\"async\" src=\"https:\/\/papli.ee\/wp-content\/uploads\/IMG_8564-600x400.jpg\" alt=\"\">\n        <\/a>\n              <a href=\"\" class=\"featured-gallery-item\" data-src=\"https:\/\/papli.ee\/wp-content\/uploads\/IMG_8858-1536x1024.jpg\">\n          <img decoding=\"async\" src=\"https:\/\/papli.ee\/wp-content\/uploads\/IMG_8858-600x400.jpg\" alt=\"\">\n        <\/a>\n              <a href=\"\" class=\"featured-gallery-item\" data-src=\"https:\/\/papli.ee\/wp-content\/uploads\/IMG_8901-1536x1024.jpg\">\n          <img decoding=\"async\" src=\"https:\/\/papli.ee\/wp-content\/uploads\/IMG_8901-600x400.jpg\" alt=\"\">\n        <\/a>\n              <a href=\"\" class=\"featured-gallery-item\" data-src=\"https:\/\/papli.ee\/wp-content\/uploads\/IMG_8879-683x1024.jpg\">\n          <img decoding=\"async\" src=\"https:\/\/papli.ee\/wp-content\/uploads\/IMG_8879-600x400.jpg\" alt=\"\">\n        <\/a>\n              <a href=\"\" class=\"featured-gallery-item\" data-src=\"https:\/\/papli.ee\/wp-content\/uploads\/IMG_8865-683x1024.jpg\">\n          <img decoding=\"async\" src=\"https:\/\/papli.ee\/wp-content\/uploads\/IMG_8865-600x400.jpg\" alt=\"\">\n        <\/a>\n              <a href=\"\" class=\"featured-gallery-item\" data-src=\"https:\/\/papli.ee\/wp-content\/uploads\/IMG_8584-683x1024.jpg\">\n          <img decoding=\"async\" src=\"https:\/\/papli.ee\/wp-content\/uploads\/IMG_8584-600x400.jpg\" alt=\"\">\n        <\/a>\n              <a href=\"\" class=\"featured-gallery-item\" data-src=\"https:\/\/papli.ee\/wp-content\/uploads\/IMG_8583-683x1024.jpg\">\n          <img decoding=\"async\" src=\"https:\/\/papli.ee\/wp-content\/uploads\/IMG_8583-600x400.jpg\" alt=\"\">\n        <\/a>\n              <a href=\"\" class=\"featured-gallery-item\" data-src=\"https:\/\/papli.ee\/wp-content\/uploads\/IMG_8857-683x1024.jpg\">\n          <img decoding=\"async\" src=\"https:\/\/papli.ee\/wp-content\/uploads\/IMG_8857-600x400.jpg\" alt=\"\">\n        <\/a>\n              <a href=\"\" class=\"featured-gallery-item\" data-src=\"https:\/\/papli.ee\/wp-content\/uploads\/IMG_8954-1536x1024.jpg\">\n          <img decoding=\"async\" src=\"https:\/\/papli.ee\/wp-content\/uploads\/IMG_8954-600x400.jpg\" alt=\"\">\n        <\/a>\n              <a href=\"\" class=\"featured-gallery-item\" data-src=\"https:\/\/papli.ee\/wp-content\/uploads\/IMG_8971-1536x1024.jpg\">\n          <img decoding=\"async\" src=\"https:\/\/papli.ee\/wp-content\/uploads\/IMG_8971-600x400.jpg\" alt=\"\">\n        <\/a>\n              <a href=\"\" class=\"featured-gallery-item\" data-src=\"https:\/\/papli.ee\/wp-content\/uploads\/IMG_8761-683x1024.jpg\">\n          <img decoding=\"async\" src=\"https:\/\/papli.ee\/wp-content\/uploads\/IMG_8761-600x400.jpg\" alt=\"\">\n        <\/a>\n              <a href=\"\" class=\"featured-gallery-item\" data-src=\"https:\/\/papli.ee\/wp-content\/uploads\/IMG_8770-683x1024.jpg\">\n          <img decoding=\"async\" src=\"https:\/\/papli.ee\/wp-content\/uploads\/IMG_8770-600x400.jpg\" alt=\"\">\n        <\/a>\n              <a href=\"\" class=\"featured-gallery-item\" data-src=\"https:\/\/papli.ee\/wp-content\/uploads\/IMG_8750-683x1024.jpg\">\n          <img decoding=\"async\" src=\"https:\/\/papli.ee\/wp-content\/uploads\/IMG_8750-600x400.jpg\" alt=\"\">\n        <\/a>\n              <a href=\"\" class=\"featured-gallery-item\" data-src=\"https:\/\/papli.ee\/wp-content\/uploads\/IMG_8762-683x1024.jpg\">\n          <img decoding=\"async\" src=\"https:\/\/papli.ee\/wp-content\/uploads\/IMG_8762-600x400.jpg\" alt=\"\">\n        <\/a>\n              <a href=\"\" class=\"featured-gallery-item\" data-src=\"https:\/\/papli.ee\/wp-content\/uploads\/IMG_8967-1536x1024.jpg\">\n          <img decoding=\"async\" src=\"https:\/\/papli.ee\/wp-content\/uploads\/IMG_8967-600x400.jpg\" alt=\"\">\n        <\/a>\n              <a href=\"\" class=\"featured-gallery-item\" data-src=\"https:\/\/papli.ee\/wp-content\/uploads\/IMG_8778-683x1024.jpg\">\n          <img decoding=\"async\" src=\"https:\/\/papli.ee\/wp-content\/uploads\/IMG_8778-600x400.jpg\" alt=\"\">\n        <\/a>\n              <a href=\"\" class=\"featured-gallery-item\" data-src=\"https:\/\/papli.ee\/wp-content\/uploads\/IMG_8782-1536x1024.jpg\">\n          <img decoding=\"async\" src=\"https:\/\/papli.ee\/wp-content\/uploads\/IMG_8782-600x400.jpg\" alt=\"\">\n        <\/a>\n              <a href=\"\" class=\"featured-gallery-item\" data-src=\"https:\/\/papli.ee\/wp-content\/uploads\/IMG_8692-683x1024.jpg\">\n          <img decoding=\"async\" src=\"https:\/\/papli.ee\/wp-content\/uploads\/IMG_8692-600x400.jpg\" alt=\"\">\n        <\/a>\n              <a href=\"\" class=\"featured-gallery-item\" data-src=\"https:\/\/papli.ee\/wp-content\/uploads\/IMG_8791-1536x1024.jpg\">\n          <img decoding=\"async\" src=\"https:\/\/papli.ee\/wp-content\/uploads\/IMG_8791-600x400.jpg\" alt=\"\">\n        <\/a>\n              <a href=\"\" class=\"featured-gallery-item\" data-src=\"https:\/\/papli.ee\/wp-content\/uploads\/IMG_8726-683x1024.jpg\">\n          <img decoding=\"async\" src=\"https:\/\/papli.ee\/wp-content\/uploads\/IMG_8726-600x400.jpg\" alt=\"\">\n        <\/a>\n              <a href=\"\" class=\"featured-gallery-item\" data-src=\"https:\/\/papli.ee\/wp-content\/uploads\/IMG_8801-683x1024.jpg\">\n          <img decoding=\"async\" src=\"https:\/\/papli.ee\/wp-content\/uploads\/IMG_8801-600x400.jpg\" alt=\"\">\n        <\/a>\n              <a href=\"\" class=\"featured-gallery-item\" data-src=\"https:\/\/papli.ee\/wp-content\/uploads\/IMG_8839-683x1024.jpg\">\n          <img decoding=\"async\" src=\"https:\/\/papli.ee\/wp-content\/uploads\/IMG_8839-600x400.jpg\" alt=\"\">\n        <\/a>\n              <a href=\"\" class=\"featured-gallery-item\" data-src=\"https:\/\/papli.ee\/wp-content\/uploads\/IMG_8746-683x1024.jpg\">\n          <img decoding=\"async\" src=\"https:\/\/papli.ee\/wp-content\/uploads\/IMG_8746-600x400.jpg\" alt=\"\">\n        <\/a>\n              <a href=\"\" class=\"featured-gallery-item\" data-src=\"https:\/\/papli.ee\/wp-content\/uploads\/IMG_8794-683x1024.jpg\">\n          <img decoding=\"async\" src=\"https:\/\/papli.ee\/wp-content\/uploads\/IMG_8794-600x400.jpg\" alt=\"\">\n        <\/a>\n              <a href=\"\" class=\"featured-gallery-item\" data-src=\"https:\/\/papli.ee\/wp-content\/uploads\/IMG_8822-683x1024.jpg\">\n          <img decoding=\"async\" src=\"https:\/\/papli.ee\/wp-content\/uploads\/IMG_8822-600x400.jpg\" alt=\"\">\n        <\/a>\n              <a href=\"\" class=\"featured-gallery-item\" data-src=\"https:\/\/papli.ee\/wp-content\/uploads\/IMG_8812-683x1024.jpg\">\n          <img decoding=\"async\" src=\"https:\/\/papli.ee\/wp-content\/uploads\/IMG_8812-600x400.jpg\" alt=\"\">\n        <\/a>\n              <a href=\"\" class=\"featured-gallery-item\" data-src=\"https:\/\/papli.ee\/wp-content\/uploads\/IMG_8826-683x1024.jpg\">\n          <img decoding=\"async\" src=\"https:\/\/papli.ee\/wp-content\/uploads\/IMG_8826-600x400.jpg\" alt=\"\">\n        <\/a>\n              <a href=\"\" class=\"featured-gallery-item\" data-src=\"https:\/\/papli.ee\/wp-content\/uploads\/IMG_8837-1536x1024.jpg\">\n          <img decoding=\"async\" src=\"https:\/\/papli.ee\/wp-content\/uploads\/IMG_8837-600x400.jpg\" alt=\"\">\n        <\/a>\n              <a href=\"\" class=\"featured-gallery-item\" data-src=\"https:\/\/papli.ee\/wp-content\/uploads\/IMG_8511-1536x1024.jpg\">\n          <img decoding=\"async\" src=\"https:\/\/papli.ee\/wp-content\/uploads\/IMG_8511-600x400.jpg\" alt=\"\">\n        <\/a>\n              <a href=\"\" class=\"featured-gallery-item\" data-src=\"https:\/\/papli.ee\/wp-content\/uploads\/IMG_8509-1536x1024.jpg\">\n          <img decoding=\"async\" src=\"https:\/\/papli.ee\/wp-content\/uploads\/IMG_8509-600x400.jpg\" alt=\"\">\n        <\/a>\n              <a href=\"\" class=\"featured-gallery-item\" data-src=\"https:\/\/papli.ee\/wp-content\/uploads\/IMG_8626-683x1024.jpg\">\n          <img decoding=\"async\" src=\"https:\/\/papli.ee\/wp-content\/uploads\/IMG_8626-600x400.jpg\" alt=\"\">\n        <\/a>\n              <a href=\"\" class=\"featured-gallery-item\" data-src=\"https:\/\/papli.ee\/wp-content\/uploads\/IMG_8670-683x1024.jpg\">\n          <img decoding=\"async\" src=\"https:\/\/papli.ee\/wp-content\/uploads\/IMG_8670-600x400.jpg\" alt=\"\">\n        <\/a>\n              <a href=\"\" class=\"featured-gallery-item\" data-src=\"https:\/\/papli.ee\/wp-content\/uploads\/IMG_8499-1536x1024.jpg\">\n          <img decoding=\"async\" src=\"https:\/\/papli.ee\/wp-content\/uploads\/IMG_8499-600x400.jpg\" alt=\"\">\n        <\/a>\n              <a href=\"\" class=\"featured-gallery-item\" data-src=\"https:\/\/papli.ee\/wp-content\/uploads\/IMG_8671-683x1024.jpg\">\n          <img decoding=\"async\" src=\"https:\/\/papli.ee\/wp-content\/uploads\/IMG_8671-600x400.jpg\" alt=\"\">\n        <\/a>\n              <a href=\"\" class=\"featured-gallery-item\" data-src=\"https:\/\/papli.ee\/wp-content\/uploads\/IMG_8615-683x1024.jpg\">\n          <img decoding=\"async\" src=\"https:\/\/papli.ee\/wp-content\/uploads\/IMG_8615-600x400.jpg\" alt=\"\">\n        <\/a>\n              <a href=\"\" class=\"featured-gallery-item\" data-src=\"https:\/\/papli.ee\/wp-content\/uploads\/IMG_8666-683x1024.jpg\">\n          <img decoding=\"async\" src=\"https:\/\/papli.ee\/wp-content\/uploads\/IMG_8666-600x400.jpg\" alt=\"\">\n        <\/a>\n              <a href=\"\" class=\"featured-gallery-item\" data-src=\"https:\/\/papli.ee\/wp-content\/uploads\/IMG_8687-683x1024.jpg\">\n          <img decoding=\"async\" src=\"https:\/\/papli.ee\/wp-content\/uploads\/IMG_8687-600x400.jpg\" alt=\"\">\n        <\/a>\n              <a href=\"\" class=\"featured-gallery-item\" data-src=\"https:\/\/papli.ee\/wp-content\/uploads\/IMG_8505-1536x1024.jpg\">\n          <img decoding=\"async\" src=\"https:\/\/papli.ee\/wp-content\/uploads\/IMG_8505-600x400.jpg\" alt=\"\">\n        <\/a>\n              <a href=\"\" class=\"featured-gallery-item\" data-src=\"https:\/\/papli.ee\/wp-content\/uploads\/IMG_8682-1536x1024.jpg\">\n          <img decoding=\"async\" src=\"https:\/\/papli.ee\/wp-content\/uploads\/IMG_8682-600x400.jpg\" alt=\"\">\n        <\/a>\n              <a href=\"\" class=\"featured-gallery-item\" data-src=\"https:\/\/papli.ee\/wp-content\/uploads\/IMG_8720-683x1024.jpg\">\n          <img decoding=\"async\" src=\"https:\/\/papli.ee\/wp-content\/uploads\/IMG_8720-600x400.jpg\" alt=\"\">\n        <\/a>\n              <a href=\"\" class=\"featured-gallery-item\" data-src=\"https:\/\/papli.ee\/wp-content\/uploads\/IMG_8502-1536x1024.jpg\">\n          <img decoding=\"async\" src=\"https:\/\/papli.ee\/wp-content\/uploads\/IMG_8502-600x400.jpg\" alt=\"\">\n        <\/a>\n              <a href=\"\" class=\"featured-gallery-item\" data-src=\"https:\/\/papli.ee\/wp-content\/uploads\/IMG_8907-1536x1024.jpg\">\n          <img decoding=\"async\" src=\"https:\/\/papli.ee\/wp-content\/uploads\/IMG_8907-600x400.jpg\" alt=\"\">\n        <\/a>\n              <a href=\"\" class=\"featured-gallery-item\" data-src=\"https:\/\/papli.ee\/wp-content\/uploads\/IMG_8709-683x1024.jpg\">\n          <img decoding=\"async\" src=\"https:\/\/papli.ee\/wp-content\/uploads\/IMG_8709-600x400.jpg\" alt=\"\">\n        <\/a>\n              <a href=\"\" class=\"featured-gallery-item\" data-src=\"https:\/\/papli.ee\/wp-content\/uploads\/IMG_8493-1536x1024.jpg\">\n          <img decoding=\"async\" src=\"https:\/\/papli.ee\/wp-content\/uploads\/IMG_8493-600x400.jpg\" alt=\"\">\n        <\/a>\n              <a href=\"\" class=\"featured-gallery-item\" data-src=\"https:\/\/papli.ee\/wp-content\/uploads\/IMG_8496-1536x1024.jpg\">\n          <img decoding=\"async\" src=\"https:\/\/papli.ee\/wp-content\/uploads\/IMG_8496-600x400.jpg\" alt=\"\">\n        <\/a>\n              <a href=\"\" class=\"featured-gallery-item\" data-src=\"https:\/\/papli.ee\/wp-content\/uploads\/IMG_8697-683x1024.jpg\">\n          <img decoding=\"async\" src=\"https:\/\/papli.ee\/wp-content\/uploads\/IMG_8697-600x400.jpg\" alt=\"\">\n        <\/a>\n            <\/div>\n\n  <style>\n  .featured-gallery{\n    display: flex;\n    flex-wrap: wrap;\n    justify-content: space-between;\n    padding-bottom: 50px;\n  }\n  .featured-gallery-item{\n    width: calc(33% - 5px);\n  }\n  .featured-gallery-item img{\n    width: 100%;\n    height: auto;\n  }\n  .lg-backdrop {\n    background-color: rgba(55, 110, 177, 0.95) !important;\n  }\n  .lg-toolbar {\n    background-color: rgba(0, 0, 0, 0) !important;\n  }\n  .lg-toolbar .lg-icon {\n    color: #fff !important;\n  }\n  .lg-actions .lg-next, .lg-actions .lg-prev {\n    background-color: rgba(0, 0, 0, 0) !important;\n    color: #fff !important;\n    font-size: 26px !important;\n  }\n  .gallery-block-title {\n    font-weight: 300;\n    text-align: center;\n    font-size: 2em;\n    margin: 40px 0 30px;\n    padding: 0 45px;\n  }\n  @media (max-width: 800px){\n    .featured-gallery-item{\n      width: calc(50% - 2.5px);\n    }\n  @media (max-width: 300px){\n    .featured-gallery-item{\n      width: 100%;\n      margin: 10px 0;\n    }\n  }\n  <\/style>\n  <script>\n    jQuery(document).ready( function($){\n      $('.featured-gallery').lightGallery({\n        thumbnail:false,\n        counter:false,\n        subHtmlSelectorRelative: true,\n        download: false\n      });\n    });\n  <\/script>\n<\/div>\n","protected":false},"excerpt":{"rendered":"<p>ASUNTO 28-2 Valoisa kolmen huoneen asunto sijaitsee P\u00e4rnun arvostetuimmalla alueella &#8211; ranta-alueella. T\u00e4\u00e4ll\u00e4 kaupungin halutuimmalla alueella tarjoamme ylellisen mahdollisuuden rentoutua ja nauttia merin\u00e4kymist\u00e4! Kaikki on ajateltu, niin laatu kuin yksityiskohdatkin. Vaaleanv\u00e4rinen huoneisto osoitteessa Papli 28-2 on tilava kahden makuuhuoneen huoneisto. Se sijaitsee ensimm\u00e4isess\u00e4 kerroksessa ja yksi makuuhuoneesta ja olohuoneesta avautuu tilavalle terassille. Terassin edess\u00e4 on [&hellip;]<\/p>\n","protected":false},"author":1,"featured_media":0,"parent":108,"menu_order":0,"comment_status":"closed","ping_status":"closed","template":"","meta":{"footnotes":""},"class_list":["post-114","page","type-page","status-publish","hentry"],"acf":[],"_links":{"self":[{"href":"https:\/\/papli.ee\/fi\/wp-json\/wp\/v2\/pages\/114","targetHints":{"allow":["GET"]}}],"collection":[{"href":"https:\/\/papli.ee\/fi\/wp-json\/wp\/v2\/pages"}],"about":[{"href":"https:\/\/papli.ee\/fi\/wp-json\/wp\/v2\/types\/page"}],"author":[{"embeddable":true,"href":"https:\/\/papli.ee\/fi\/wp-json\/wp\/v2\/users\/1"}],"replies":[{"embeddable":true,"href":"https:\/\/papli.ee\/fi\/wp-json\/wp\/v2\/comments?post=114"}],"version-history":[{"count":2,"href":"https:\/\/papli.ee\/fi\/wp-json\/wp\/v2\/pages\/114\/revisions"}],"predecessor-version":[{"id":451,"href":"https:\/\/papli.ee\/fi\/wp-json\/wp\/v2\/pages\/114\/revisions\/451"}],"up":[{"embeddable":true,"href":"https:\/\/papli.ee\/fi\/wp-json\/wp\/v2\/pages\/108"}],"wp:attachment":[{"href":"https:\/\/papli.ee\/fi\/wp-json\/wp\/v2\/media?parent=114"}],"curies":[{"name":"wp","href":"https:\/\/api.w.org\/{rel}","templated":true}]}}